{"id":547,"date":"2021-05-15T23:55:56","date_gmt":"2021-05-16T02:55:56","guid":{"rendered":"https:\/\/www.latamsupport.com\/inicio-2\/"},"modified":"2022-04-15T11:05:33","modified_gmt":"2022-04-15T14:05:33","slug":"iniciotest","status":"publish","type":"page","link":"https:\/\/www.latamsupport.com\/es_ar\/iniciotest\/","title":{"rendered":"Inicio Test"},"content":{"rendered":"\n<p><\/p>\n\n\n\n<header class=\"header text-white h-fullscreen pt-11 pb-11 text-center text-lg-left\"  style=\"background-color: #191919; background-image: linear-gradient(120deg, #174a86 0%, #52b3ef 100%);\">\n\t<canvas class=\"constellation\" data-color=\"#fff\" data-length=\"91\" data-radius=\"186\"><\/canvas>\n\t\n\t\n\t<div class=\"container h-100\">\n\t\t\n\t\t<div class=\"row align-items-center h-100\">\n  <div class=\"col-lg-6\">\n    <h1>Servicios Administrados ITu003cbru003eu003csupu003eInfraestructura como Servicio (IaaS)u003c\/supu003e<\/h1>\n    <p class=\"lead mt-5 mb-8\">La manera m\u00e1s eficiente de mantener tu infraestructura\u00a0ESTABLE, RELEVANTE y a un COSTO RAZONABLE.<\/p>\n    <p class=\"gap-xy\">\n      <a class=\"btn btn-outline-light btn-md btn-round\" href=\"#LATAMSUPPORT\" style=\"min-width: 170px;\"> NOSOTROS <\/a>\n      <a class=\"btn btn-warning btn-md btn-round\" href=\"#SERVICIOS\" style=\"min-width: 170px;\"> SERVICIOS <\/a>\n    <\/p>\n  <\/div>\n\n  <div class=\"col-lg-5 ml-auto\">\n    <img decoding=\"async\" class=\"mt-5\" src=\"http:\/\/www.latamsupport.com\/wp-content\/themes\/thesaasx\/assets\/img\/preview\/laptop-1.png\" alt=\"Alternative Text\" \/>\n  <\/div>\n<\/div>\n\t<\/div>\n<\/header>\n\n\n<p class=\"has-secondary-color has-text-color\"><\/p>\n\n\n\n<section class=\"section\" id=\"LATAMSUPPORT\" >\n\t\n\t\n\t\n\t<div class=\"container\">\n\t\t<header class=\"section-header\"><small>BIENVENIDOS<\/small><h2>Latamsupport<\/h2><hr><p class=\"lead\">Nos dedicamos a la gesti\u00f3n de infraestructuras inform\u00e1ticas, en el \u00e1rea de tecnolog\u00edas de la informaci\u00f3n. Para peque\u00f1as y medianas empresas, cuyo capital humano, no sea suficiente para las gestiones diarias o para concretar proyectos tecnol\u00f3gicos de mediana-gran envergadura.u003cbru003eu003cbru003eCon m\u00e1s de 15 a\u00f1os como proveedores de monitoreo y administraci\u00f3n remota de infraestructura en su propio datacenter (on-premises) e\u00a0infraestructuras h\u00edbridas.<\/p><\/header>\n\t\t<div class=\"row gap-y text-center\">\n  <div class=\"col-md-6 col-xl-4 feature-1\">\n  <p class=\"feature-icon\"><img decoding=\"async\"  src=\"http:\/\/www.latamsupport.com\/wp-content\/uploads\/2022\/04\/BOTON_Mesa-de-trabajo-1-01.jpg\" alt=\"Alternative Text\" data-aos=\"fade-up\" data-aos-duration=\"1000\" data-aos-delay=\"50\" \/><\/p>\n  <h5>Calidez Humana<\/h5>\n  <p class=\"text-muted\">Brindar servicios de calidad, cuidando el bienestar de las personas y equipos detr\u00e1s de cada proyecto, a trav\u00e9s del respeto y las buenas relaciones. <\/p>\n<\/div><div class=\"col-md-6 col-xl-4 feature-1\">\n  <p class=\"feature-icon\"><img decoding=\"async\"  src=\"http:\/\/www.latamsupport.com\/wp-content\/uploads\/2022\/04\/BOTON_Mesa-de-trabajo-1-04.jpg\" alt=\"Alternative Text\" data-aos=\"fade-up\" \/><\/p>\n  <h5>An\u00e1lisis e Implementaci\u00f3n<\/h5>\n  <p class=\"text-muted\">Analizamos el estado actual de su infraestructura IT buscando reducir los costos, incorporando mejoras y rendimiento a sus servicios.<\/p>\n<\/div><div class=\"col-md-6 col-xl-4 feature-1\">\n  <p class=\"feature-icon\"><img decoding=\"async\"  src=\"http:\/\/www.latamsupport.com\/wp-content\/uploads\/2022\/04\/BOTON_Mesa-de-trabajo-1-05.jpg\" alt=\"Alternative Text\" data-aos=\"fade-up\" \/><\/p>\n  <h5>Tecnolog\u00edas y Herramientas<\/h5>\n  <p class=\"text-muted\">Somos parte de la red de partners de Microsoft desde hace m\u00e1s de 10 a\u00f1os.\u00a0u003cbru003ePlataformas: Windows Server, Linux Server, Solaris Server &#8211; Mensajeria: Exchange Server &#8211; Base de datos: SQL SERVERu003cbru003e<\/p>\n<\/div>\n<\/div>\n\t<\/div>\n<\/section>\n\n<section class=\"section bt-1 pt-7 pb-7\" id=\"SERVICIOS\" style=\"background-color: #f9fafa;\">\n\t\n\t\n\t\n\t<div class=\"container\">\n\t\t<header class=\"section-header\"><small>NUESTRO ENFOQUE<\/small><h2>Servicios Administrados<\/h2><hr><p class=\"lead\">Adoptamos un enfoque proactivo en el Dise\u00f1o, Entrega\u00a0 y Mantenimiento de Servicios en su\u00a0 Infraestructura IT, no s\u00f3lo emparchando y reparando (en casos de\u00a0incidentes), sino que planteamos una concepci\u00f3n estrat\u00e9gica desde el inicio, ayudando a analizar y entender las necesidades de informaci\u00f3n de los distintos interesados.<\/p><\/header>\n\t\t<div class=\"row gap-y\">\n  <div class=\"col-md-6 col-xl-3\">\n  <div class=\"card text-white card-body shadow-3 text-center\" style=\"background-color: #ff9933;\" >\n\t<p class=\"my-5\"><i class=\"fa fa-bullseye lead-6\" style=\"color: #f9fafa;\"><\/i><\/p>\n<h5 class=\"mb-5 fw-500\">Monitoreo Proactivo de la Infraestructura<\/h5>\n<p>24&#215;7 Prevenci\u00f3n y reducci\u00f3n de posibilidades de una ca\u00edda.u003cbru003eSoporte t\u00e9cnico y An\u00e1lisis de causa ra\u00edz.<\/p>\n<\/div>\n<\/div><div class=\"col-md-6 col-xl-3\">\n  <div class=\"card card-body shadow-3 text-center\"  >\n\t<p class=\"my-5\"><i class=\"fa fa-bell-o lead-6\" style=\"color: #333d47;\"><\/i><\/p>\n<h5 class=\"mb-5 fw-500\">An\u00e1lisis de Infraestructura IT<\/h5>\n<p>Revisi\u00f3n de estado de Infraestructura y problemas,\u00a0 provisi\u00f3n de recomendaciones. Planificaci\u00f3n estrat\u00e9gica de Activos de Tecnolog\u00eda.<\/p>\n<\/div>\n<\/div><div class=\"col-md-6 col-xl-3\">\n  <div class=\"card text-white card-body shadow-3 text-center\" style=\"background-color: #1f63b3;\" >\n\t<p class=\"my-5\"><i class=\"fa fa-gear lead-6\" style=\"color: #f9fafa;\"><\/i><\/p>\n<h5 class=\"mb-5 fw-500\">Gesti\u00f3n de Infraestructura IT<\/h5>\n<p>Gesti\u00f3n de Usuarios, Configuraci\u00f3n de Software de bases y actualizacionesu003cbru003eGesti\u00f3n de Redes, Data Centers y Servicios en la Nube.u003cbru003eGesti\u00f3n 360 de Servicios.<\/p>\n<\/div>\n<\/div><div class=\"col-md-6 col-xl-3\">\n  <div class=\"card card-body shadow-3 text-center\" style=\"background-color: #e9ecf0;\" >\n\t<p class=\"my-5\"><i class=\"fa fa-edit lead-6\" style=\"color: #333d47;\"><\/i><\/p>\n<h5 class=\"mb-5 fw-500\">Dise\u00f1o de Infraestructura<\/h5>\n<p>Dise\u00f1o completo de una infraestructura en equipos propios o en la nube. (Planificaci\u00f3n &#8211; Entrega -Operaci\u00f3n).u003cbru003e<\/p>\n<\/div>\n<\/div><div class=\"col-md-6 col-xl-3\">\n  <div class=\"card card-body shadow-3 text-center\" style=\"background-color: #e9ecf0;\" >\n\t<p class=\"my-5\"><i class=\"fa fa-cogs lead-6\" style=\"color: #333d47;\"><\/i><\/p>\n<h5 class=\"mb-5 fw-500\">Integraci\u00f3n de Aplicaciones<\/h5>\n<p>Integraci\u00f3n de apps entre\u00a0 sus propios equipos y la nube. Monitoreo de aplicaciones y troubleshooting.<\/p>\n<\/div>\n<\/div><div class=\"col-md-6 col-xl-3\">\n  <div class=\"card text-white card-body shadow-3 text-center\" style=\"background-color: #1f63b3;\" >\n\t<p class=\"my-5\"><i class=\"fa fa-key lead-6\" style=\"color: #f9fafa;\"><\/i><\/p>\n<h5 class=\"mb-5 fw-500\">An\u00e1lisis de Seguridad y Recomendaciones<\/h5>\n<p>Buscamos que tengas el mejor servicio acorde a tus necesidades.<\/p>\n<\/div>\n<\/div><div class=\"col-md-6 col-xl-3\">\n  <div class=\"card card-body shadow-3 text-center\" style=\"background-color: #f9fafa;\" >\n\t<p class=\"my-5\"><i class=\"fa fa-comments lead-6\" style=\"color: #333d47;\"><\/i><\/p>\n<h5 class=\"mb-5 fw-500\">Consultoria<\/h5>\n<p>ofrecemos un ciclo de vida integral que va desde la construcci\u00f3n, migraci\u00f3n y optimizaci\u00f3n de cargas, desarrollado especialmente para su negocio.<\/p>\n<\/div>\n<\/div><div class=\"col-md-6 col-xl-3\">\n  <div class=\"card text-white card-body shadow-3 text-center\" style=\"background-color: #feb92c;\" >\n\t<p class=\"my-5\"><i class=\"fa fa-users lead-6\" style=\"color: #f9fafa;\"><\/i><\/p>\n<h5 class=\"mb-5 fw-500\">Mesa de Ayuda u003cbru003e(Help Desk) LEVEL2\/LEVEL3<\/h5>\n<p>Soporte T\u00e9cnico de Nivel 2 y Nivel3.<\/p>\n<\/div>\n<\/div>\n<\/div>\n\t<\/div>\n<\/section>\n\n<section class=\"section text-white pt-11 pb-11\"  style=\"background-color: #f9fafa; background-image: linear-gradient(120deg, #feb92c 0%, #ff9933 100%);\">\n\t<canvas class=\"constellation\" data-color=\"#fff\" data-length=\"150\" data-radius=\"150\"><\/canvas>\n\t\n\t\n\t<div class=\"container\">\n\t\t\n\t\t<h2 class=\"text-center mb-7\">\u00bfListos para empezar?<\/h2>\n<form  action=\"https:\/\/www.latamsupport.com\/wp-admin\/admin-ajax.php\" method=\"POST\" data-form=\"mailer\">\n  <input type=\"hidden\" name=\"to\" value=\"\">\n  <input type=\"hidden\" name=\"subject\" value=\"\">\n  <input type=\"hidden\" name=\"success-message\" value=\"We received your message and will contact you back soon.\">\n  <input type=\"hidden\" name=\"action\" value=\"contact_send\">\n  <div class=\"alert alert-success d-on-success\">We received your message and will contact you back soon.<\/div>\n  <div class=\"form-row\">\n\t<input type=\"hidden\" name=\"message\" value=\"Empty message. Poked from Contact Block #6\" \/>\n\t<div class=\"form-group col-sm-6 col-lg-3\">\n\t  <input class=\"form-control\" type=\"text\" name=\"Nombre\" placeholder=\"Nombre\">\n\t<\/div>\n\n\t<div class=\"form-group col-sm-6 col-lg-3\">\n\t  <input class=\"form-control\" type=\"email\" name=\"email\" placeholder=\"Email \">\n\t<\/div>\n\n\t<div class=\"form-group col-sm-6 col-lg-3\">\n\t  <input class=\"form-control\" type=\"text\" name=\"company\" placeholder=\"Empresa\">\n\t<\/div>\n\n\t<div class=\"form-group col-sm-6 col-lg-3\">\n\t  <button class=\"btn btn-primary btn-md btn-round btn-block\"  > EMPECEMOS <\/button>\n\t<\/div>\n<\/div>\n<\/form>\n\t<\/div>\n<\/section>\n\n\n<p><\/p>\n","protected":false},"excerpt":{"rendered":"","protected":false},"author":1,"featured_media":0,"parent":0,"menu_order":0,"comment_status":"closed","ping_status":"closed","template":"","meta":{"om_disable_all_campaigns":false,"_monsterinsights_skip_tracking":false,"_monsterinsights_sitenote_active":false,"_monsterinsights_sitenote_note":"","_monsterinsights_sitenote_category":0,"_uf_show_specific_survey":0,"_uf_disable_surveys":false,"footnotes":""},"class_list":["post-547","page","type-page","status-publish","hentry"],"aioseo_notices":[],"_links":{"self":[{"href":"https:\/\/www.latamsupport.com\/es_ar\/wp-json\/wp\/v2\/pages\/547","targetHints":{"allow":["GET"]}}],"collection":[{"href":"https:\/\/www.latamsupport.com\/es_ar\/wp-json\/wp\/v2\/pages"}],"about":[{"href":"https:\/\/www.latamsupport.com\/es_ar\/wp-json\/wp\/v2\/types\/page"}],"author":[{"embeddable":true,"href":"https:\/\/www.latamsupport.com\/es_ar\/wp-json\/wp\/v2\/users\/1"}],"replies":[{"embeddable":true,"href":"https:\/\/www.latamsupport.com\/es_ar\/wp-json\/wp\/v2\/comments?post=547"}],"version-history":[{"count":2,"href":"https:\/\/www.latamsupport.com\/es_ar\/wp-json\/wp\/v2\/pages\/547\/revisions"}],"predecessor-version":[{"id":550,"href":"https:\/\/www.latamsupport.com\/es_ar\/wp-json\/wp\/v2\/pages\/547\/revisions\/550"}],"wp:attachment":[{"href":"https:\/\/www.latamsupport.com\/es_ar\/wp-json\/wp\/v2\/media?parent=547"}],"curies":[{"name":"wp","href":"https:\/\/api.w.org\/{rel}","templated":true}]}}